{"id":6,"date":"2020-03-30T06:19:46","date_gmt":"2020-03-30T06:19:46","guid":{"rendered":"https:\/\/www.tinevintherclausen.dk\/?page_id=6"},"modified":"2025-12-29T11:44:18","modified_gmt":"2025-12-29T11:44:18","slug":"velkommen","status":"publish","type":"page","link":"https:\/\/www.tinevintherclausen.dk\/","title":{"rendered":"Velkommen"},"content":{"rendered":"\n<p>Mit navn er Tine Vinther Clausen. Jeg har v\u00e6ret aktiv i lokalpolitik siden 2017, hvor jeg f\u00f8rste gang stillede op til byr\u00e5det i Lolland Kommune. <\/p>\n\n\n\n<p>Jeg er formand for Sundheds- og \u00c6ldreudvalget i Lolland Kommune. P\u00e5 et fundament af frisind, frihed og f\u00e6llesskab arbejder jeg for et mere synligt samarbejde mellem kommune, region og borgere inden for mit politiske ansvarsomr\u00e5de. Tidligere har jeg v\u00e6ret formand for Fritids- og Kulturudvalget (2018-2021) og formand for Klima-, Teknik- og Milj\u00f8udvalget (2022-2025) i Lolland Kommune.<\/p>\n\n\n\n<figure class=\"wp-block-pullquote\"><blockquote><p> &#8220;Det er ingen kunst at f\u00e5 id\u00e9er. <br>Kunsten er at f\u00f8re dem ud i livet.&#8221;<\/p><cite>Tine Vinther Clausen<\/cite><\/blockquote><\/figure>\n\n\n\n<p><\/p>\n\n\n\n<p>Det er ingen kunst at f\u00e5 id\u00e9er. Vi kan kun skabe et bedre Lolland &#8211; og et bedre Danmark &#8211; i f\u00e6llesskab. Vi kan g\u00f8re det &#8211; og vi g\u00f8r det sammen!<\/p>\n\n\n\n<div class=\"wp-block-button alignleft\"><a class=\"wp-block-button__link wp-element-button\" href=\"https:\/\/www.tinevintherclausen.dk\/index.php\/hvem-er-tine\/\">Om mig<\/a><\/div>\n\n\n\n<div class=\"wp-block-buttons is-layout-flex wp-block-buttons-is-layout-flex\">\n<div class=\"wp-block-button is-style-fill\"><a class=\"wp-block-button__link wp-element-button\" href=\"https:\/\/www.tinevintherclausen.dk\/index.php\/venstre-lollands-valgprogram\/\">Min politik<\/a><\/div>\n<\/div>\n\n\n\n<div class=\"wp-block-buttons is-layout-flex wp-block-buttons-is-layout-flex\">\n<div class=\"wp-block-button\"><a class=\"wp-block-button__link wp-element-button\" href=\"https:\/\/www.tinevintherclausen.dk\/index.php\/tines-taler\/\">Mine tanker<\/a><\/div>\n\n\n\n<div class=\"wp-block-button\"><a class=\"wp-block-button__link wp-element-button\" href=\"https:\/\/www.tinevintherclausen.dk\/index.php\/tines-arkiv\/\">Mine taler<\/a><\/div>\n<\/div>\n\n\n\n<p><\/p>\n","protected":false},"excerpt":{"rendered":"<p>Mit navn er Tine Vinther Clausen. Jeg har v\u00e6ret aktiv i lokalpolitik siden 2017, hvor jeg f\u00f8rste gang stillede op til byr\u00e5det i Lolland Kommune. Jeg er formand for Sundheds- og \u00c6ldreudvalget i Lolland Kommune. P\u00e5 et fundament af frisind, frihed og f\u00e6llesskab arbejder jeg for et mere synligt samarbejde mellem kommune, region og borgere&hellip;<a href=\"https:\/\/www.tinevintherclausen.dk\/\" class=\"more-link\">Continue reading <span class=\"screen-reader-text\">Velkommen<\/span><\/a><\/p>\n","protected":false},"author":1,"featured_media":0,"parent":0,"menu_order":1,"comment_status":"closed","ping_status":"closed","template":"","meta":{"footnotes":""},"class_list":["post-6","page","type-page","status-publish","hentry"],"_links":{"self":[{"href":"https:\/\/www.tinevintherclausen.dk\/index.php\/wp-json\/wp\/v2\/pages\/6","targetHints":{"allow":["GET"]}}],"collection":[{"href":"https:\/\/www.tinevintherclausen.dk\/index.php\/wp-json\/wp\/v2\/pages"}],"about":[{"href":"https:\/\/www.tinevintherclausen.dk\/index.php\/wp-json\/wp\/v2\/types\/page"}],"author":[{"embeddable":true,"href":"https:\/\/www.tinevintherclausen.dk\/index.php\/wp-json\/wp\/v2\/users\/1"}],"replies":[{"embeddable":true,"href":"https:\/\/www.tinevintherclausen.dk\/index.php\/wp-json\/wp\/v2\/comments?post=6"}],"version-history":[{"count":39,"href":"https:\/\/www.tinevintherclausen.dk\/index.php\/wp-json\/wp\/v2\/pages\/6\/revisions"}],"predecessor-version":[{"id":615,"href":"https:\/\/www.tinevintherclausen.dk\/index.php\/wp-json\/wp\/v2\/pages\/6\/revisions\/615"}],"wp:attachment":[{"href":"https:\/\/www.tinevintherclausen.dk\/index.php\/wp-json\/wp\/v2\/media?parent=6"}],"curies":[{"name":"wp","href":"https:\/\/api.w.org\/{rel}","templated":true}]}}