{"id":33,"date":"2020-03-30T10:39:20","date_gmt":"2020-03-30T10:39:20","guid":{"rendered":"https:\/\/www.tinevintherclausen.dk\/?page_id=33"},"modified":"2020-03-30T12:21:24","modified_gmt":"2020-03-30T12:21:24","slug":"kontakt-tine","status":"publish","type":"page","link":"https:\/\/www.tinevintherclausen.dk\/index.php\/kontakt-tine\/","title":{"rendered":"Kontakt Tine"},"content":{"rendered":"\n<div class=\"wp-block-media-text alignwide\"><figure class=\"wp-block-media-text__media\"><img loading=\"lazy\" decoding=\"async\" width=\"1024\" height=\"576\" src=\"https:\/\/www.tinevintherclausen.dk\/wp-content\/uploads\/2020\/03\/Kopi-af-Kopi-af-Kopi-af-Design-uden-navn-1024x576.png\" alt=\"\" class=\"wp-image-39\" srcset=\"https:\/\/www.tinevintherclausen.dk\/wp-content\/uploads\/2020\/03\/Kopi-af-Kopi-af-Kopi-af-Design-uden-navn-1024x576.png 1024w, https:\/\/www.tinevintherclausen.dk\/wp-content\/uploads\/2020\/03\/Kopi-af-Kopi-af-Kopi-af-Design-uden-navn-300x169.png 300w, https:\/\/www.tinevintherclausen.dk\/wp-content\/uploads\/2020\/03\/Kopi-af-Kopi-af-Kopi-af-Design-uden-navn-768x432.png 768w, https:\/\/www.tinevintherclausen.dk\/wp-content\/uploads\/2020\/03\/Kopi-af-Kopi-af-Kopi-af-Design-uden-navn-1536x864.png 1536w, https:\/\/www.tinevintherclausen.dk\/wp-content\/uploads\/2020\/03\/Kopi-af-Kopi-af-Kopi-af-Design-uden-navn-750x422.png 750w, https:\/\/www.tinevintherclausen.dk\/wp-content\/uploads\/2020\/03\/Kopi-af-Kopi-af-Kopi-af-Design-uden-navn.png 1920w\" sizes=\"auto, (max-width: 1024px) 100vw, 1024px\" \/><\/figure><div class=\"wp-block-media-text__content\">\n<p>Jeg er g\u00e5et ind i politik for at v\u00e6re lokalambassad\u00f8r og fremme mulighederne i Lolland Kommune. For at v\u00e6re en god ambassad\u00f8r har jeg brug for dine id\u00e9er. <\/p>\n\n\n\n<p>Derfor er du altid velkommen til at skrive til mig p\u00e5 <strong>ticla@lolland.dk<\/strong>.<\/p>\n<\/div><\/div>\n\n\n\n<p><\/p>\n","protected":false},"excerpt":{"rendered":"<p>Jeg er g\u00e5et ind i politik for at v\u00e6re lokalambassad\u00f8r og fremme mulighederne i Lolland Kommune. For at v\u00e6re en god ambassad\u00f8r har jeg brug for dine id\u00e9er. Derfor er du altid velkommen til at skrive til mig p\u00e5 ticla@lolland.dk.<\/p>\n","protected":false},"author":1,"featured_media":0,"parent":0,"menu_order":6,"comment_status":"closed","ping_status":"closed","template":"","meta":{"footnotes":""},"class_list":["post-33","page","type-page","status-publish","hentry"],"_links":{"self":[{"href":"https:\/\/www.tinevintherclausen.dk\/index.php\/wp-json\/wp\/v2\/pages\/33","targetHints":{"allow":["GET"]}}],"collection":[{"href":"https:\/\/www.tinevintherclausen.dk\/index.php\/wp-json\/wp\/v2\/pages"}],"about":[{"href":"https:\/\/www.tinevintherclausen.dk\/index.php\/wp-json\/wp\/v2\/types\/page"}],"author":[{"embeddable":true,"href":"https:\/\/www.tinevintherclausen.dk\/index.php\/wp-json\/wp\/v2\/users\/1"}],"replies":[{"embeddable":true,"href":"https:\/\/www.tinevintherclausen.dk\/index.php\/wp-json\/wp\/v2\/comments?post=33"}],"version-history":[{"count":6,"href":"https:\/\/www.tinevintherclausen.dk\/index.php\/wp-json\/wp\/v2\/pages\/33\/revisions"}],"predecessor-version":[{"id":66,"href":"https:\/\/www.tinevintherclausen.dk\/index.php\/wp-json\/wp\/v2\/pages\/33\/revisions\/66"}],"wp:attachment":[{"href":"https:\/\/www.tinevintherclausen.dk\/index.php\/wp-json\/wp\/v2\/media?parent=33"}],"curies":[{"name":"wp","href":"https:\/\/api.w.org\/{rel}","templated":true}]}}